{"id":691,"date":"2024-08-06T09:56:15","date_gmt":"2024-08-06T13:56:15","guid":{"rendered":"https:\/\/max-atlas.com\/all-chassis\/"},"modified":"2024-09-19T15:46:11","modified_gmt":"2024-09-19T19:46:11","slug":"chassis","status":"publish","type":"page","link":"https:\/\/max-atlas.com\/fr\/chassis\/","title":{"rendered":"Ch\u00e2ssis"},"content":{"rendered":"","protected":false},"excerpt":{"rendered":"","protected":false},"author":1,"featured_media":0,"parent":0,"menu_order":0,"comment_status":"closed","ping_status":"closed","template":"template-chassis.php","meta":{"_acf_changed":false,"footnotes":""},"class_list":["post-691","page","type-page","status-publish","hentry"],"acf":[],"yoast_head":"<!-- This site is optimized with the Yoast SEO plugin v27.1.1 - https:\/\/yoast.com\/product\/yoast-seo-wordpress\/ -->\n<title>Ch\u00e2ssis - Max Atlas<\/title>\n<meta name=\"description\" content=\"Max-Atlas propose plus de 13 mod\u00e8les diff\u00e9rents et un service de conception sur mesure pour vous aider \u00e0 trouver la remorque id\u00e9ale.\" \/>\n<meta name=\"robots\" content=\"index, follow, max-snippet:-1, max-image-preview:large, max-video-preview:-1\" \/>\n<link rel=\"canonical\" href=\"https:\/\/max-atlas.com\/fr\/chassis\/\" \/>\n<meta property=\"og:locale\" content=\"fr_FR\" \/>\n<meta property=\"og:type\" content=\"article\" \/>\n<meta property=\"og:title\" content=\"Ch\u00e2ssis - Max Atlas\" \/>\n<meta property=\"og:description\" content=\"Max-Atlas propose plus de 13 mod\u00e8les diff\u00e9rents et un service de conception sur mesure pour vous aider \u00e0 trouver la remorque id\u00e9ale.\" \/>\n<meta property=\"og:url\" content=\"https:\/\/max-atlas.com\/fr\/chassis\/\" \/>\n<meta property=\"og:site_name\" content=\"Max Atlas\" \/>\n<meta property=\"article:publisher\" content=\"https:\/\/www.facebook.com\/p\/Max-Atlas-International-Inc-100063529423472\/\" \/>\n<meta property=\"article:modified_time\" content=\"2024-09-19T19:46:11+00:00\" \/>\n<meta name=\"twitter:card\" content=\"summary_large_image\" \/>\n<!-- \/ Yoast SEO plugin. -->","yoast_head_json":{"title":"Ch\u00e2ssis - Max Atlas","description":"Max-Atlas propose plus de 13 mod\u00e8les diff\u00e9rents et un service de conception sur mesure pour vous aider \u00e0 trouver la remorque id\u00e9ale.","robots":{"index":"index","follow":"follow","max-snippet":"max-snippet:-1","max-image-preview":"max-image-preview:large","max-video-preview":"max-video-preview:-1"},"canonical":"https:\/\/max-atlas.com\/fr\/chassis\/","og_locale":"fr_FR","og_type":"article","og_title":"Ch\u00e2ssis - Max Atlas","og_description":"Max-Atlas propose plus de 13 mod\u00e8les diff\u00e9rents et un service de conception sur mesure pour vous aider \u00e0 trouver la remorque id\u00e9ale.","og_url":"https:\/\/max-atlas.com\/fr\/chassis\/","og_site_name":"Max Atlas","article_publisher":"https:\/\/www.facebook.com\/p\/Max-Atlas-International-Inc-100063529423472\/","article_modified_time":"2024-09-19T19:46:11+00:00","twitter_card":"summary_large_image","schema":{"@context":"https:\/\/schema.org","@graph":[{"@type":"WebPage","@id":"https:\/\/max-atlas.com\/fr\/chassis\/","url":"https:\/\/max-atlas.com\/fr\/chassis\/","name":"Ch\u00e2ssis - Max Atlas","isPartOf":{"@id":"https:\/\/max-atlas.com\/#website"},"datePublished":"2024-08-06T13:56:15+00:00","dateModified":"2024-09-19T19:46:11+00:00","description":"Max-Atlas propose plus de 13 mod\u00e8les diff\u00e9rents et un service de conception sur mesure pour vous aider \u00e0 trouver la remorque id\u00e9ale.","breadcrumb":{"@id":"https:\/\/max-atlas.com\/fr\/chassis\/#breadcrumb"},"inLanguage":"fr-FR","potentialAction":[{"@type":"ReadAction","target":["https:\/\/max-atlas.com\/fr\/chassis\/"]}]},{"@type":"BreadcrumbList","@id":"https:\/\/max-atlas.com\/fr\/chassis\/#breadcrumb","itemListElement":[{"@type":"ListItem","position":1,"name":"Home","item":"https:\/\/max-atlas.com\/fr\/"},{"@type":"ListItem","position":2,"name":"Ch\u00e2ssis"}]},{"@type":"WebSite","@id":"https:\/\/max-atlas.com\/#website","url":"https:\/\/max-atlas.com\/","name":"Max Atlas","description":"The most reliable container chassis","publisher":{"@id":"https:\/\/max-atlas.com\/#organization"},"potentialAction":[{"@type":"SearchAction","target":{"@type":"EntryPoint","urlTemplate":"https:\/\/max-atlas.com\/?s={search_term_string}"},"query-input":{"@type":"PropertyValueSpecification","valueRequired":true,"valueName":"search_term_string"}}],"inLanguage":"fr-FR"},{"@type":"Organization","@id":"https:\/\/max-atlas.com\/#organization","name":"Max Atlas","url":"https:\/\/max-atlas.com\/","logo":{"@type":"ImageObject","inLanguage":"fr-FR","@id":"https:\/\/max-atlas.com\/#\/schema\/logo\/image\/","url":"https:\/\/max-atlas.com\/wp-content\/uploads\/2024\/08\/logo_produit.png","contentUrl":"https:\/\/max-atlas.com\/wp-content\/uploads\/2024\/08\/logo_produit.png","width":239,"height":65,"caption":"Max Atlas"},"image":{"@id":"https:\/\/max-atlas.com\/#\/schema\/logo\/image\/"},"sameAs":["https:\/\/www.facebook.com\/p\/Max-Atlas-International-Inc-100063529423472\/"]}]}},"_links":{"self":[{"href":"https:\/\/max-atlas.com\/fr\/wp-json\/wp\/v2\/pages\/691","targetHints":{"allow":["GET"]}}],"collection":[{"href":"https:\/\/max-atlas.com\/fr\/wp-json\/wp\/v2\/pages"}],"about":[{"href":"https:\/\/max-atlas.com\/fr\/wp-json\/wp\/v2\/types\/page"}],"author":[{"embeddable":true,"href":"https:\/\/max-atlas.com\/fr\/wp-json\/wp\/v2\/users\/1"}],"replies":[{"embeddable":true,"href":"https:\/\/max-atlas.com\/fr\/wp-json\/wp\/v2\/comments?post=691"}],"version-history":[{"count":4,"href":"https:\/\/max-atlas.com\/fr\/wp-json\/wp\/v2\/pages\/691\/revisions"}],"predecessor-version":[{"id":790,"href":"https:\/\/max-atlas.com\/fr\/wp-json\/wp\/v2\/pages\/691\/revisions\/790"}],"wp:attachment":[{"href":"https:\/\/max-atlas.com\/fr\/wp-json\/wp\/v2\/media?parent=691"}],"curies":[{"name":"wp","href":"https:\/\/api.w.org\/{rel}","templated":true}]}}