{"id":689,"date":"2024-07-31T09:10:58","date_gmt":"2024-07-31T13:10:58","guid":{"rendered":"https:\/\/max-atlas.com\/careers\/"},"modified":"2024-09-24T14:57:24","modified_gmt":"2024-09-24T18:57:24","slug":"carrieres","status":"publish","type":"page","link":"https:\/\/max-atlas.com\/fr\/carrieres\/","title":{"rendered":"Carri\u00e8res"},"content":{"rendered":"","protected":false},"excerpt":{"rendered":"","protected":false},"author":1,"featured_media":0,"parent":0,"menu_order":0,"comment_status":"closed","ping_status":"closed","template":"template-carriere.php","meta":{"_acf_changed":false,"footnotes":""},"class_list":["post-689","page","type-page","status-publish","hentry"],"acf":[],"yoast_head":"<!-- This site is optimized with the Yoast SEO plugin v27.1.1 - https:\/\/yoast.com\/product\/yoast-seo-wordpress\/ -->\n<title>Carri\u00e8res - Max Atlas<\/title>\n<meta name=\"description\" content=\"Vous \u00eates \u00e0 la recherche d\u2019une opportunit\u00e9 professionnelle stimulante dans le secteur manufacturier\u00a0? Alors, ne cherchez pas plus loin\u00a0!\" \/>\n<meta name=\"robots\" content=\"index, follow, max-snippet:-1, max-image-preview:large, max-video-preview:-1\" \/>\n<link rel=\"canonical\" href=\"https:\/\/max-atlas.com\/fr\/carrieres\/\" \/>\n<meta property=\"og:locale\" content=\"fr_FR\" \/>\n<meta property=\"og:type\" content=\"article\" \/>\n<meta property=\"og:title\" content=\"Carri\u00e8res - Max Atlas\" \/>\n<meta property=\"og:description\" content=\"Vous \u00eates \u00e0 la recherche d\u2019une opportunit\u00e9 professionnelle stimulante dans le secteur manufacturier\u00a0? Alors, ne cherchez pas plus loin\u00a0!\" \/>\n<meta property=\"og:url\" content=\"https:\/\/max-atlas.com\/fr\/carrieres\/\" \/>\n<meta property=\"og:site_name\" content=\"Max Atlas\" \/>\n<meta property=\"article:publisher\" content=\"https:\/\/www.facebook.com\/p\/Max-Atlas-International-Inc-100063529423472\/\" \/>\n<meta property=\"article:modified_time\" content=\"2024-09-24T18:57:24+00:00\" \/>\n<meta name=\"twitter:card\" content=\"summary_large_image\" \/>\n<!-- \/ Yoast SEO plugin. -->","yoast_head_json":{"title":"Carri\u00e8res - Max Atlas","description":"Vous \u00eates \u00e0 la recherche d\u2019une opportunit\u00e9 professionnelle stimulante dans le secteur manufacturier\u00a0? Alors, ne cherchez pas plus loin\u00a0!","robots":{"index":"index","follow":"follow","max-snippet":"max-snippet:-1","max-image-preview":"max-image-preview:large","max-video-preview":"max-video-preview:-1"},"canonical":"https:\/\/max-atlas.com\/fr\/carrieres\/","og_locale":"fr_FR","og_type":"article","og_title":"Carri\u00e8res - Max Atlas","og_description":"Vous \u00eates \u00e0 la recherche d\u2019une opportunit\u00e9 professionnelle stimulante dans le secteur manufacturier\u00a0? Alors, ne cherchez pas plus loin\u00a0!","og_url":"https:\/\/max-atlas.com\/fr\/carrieres\/","og_site_name":"Max Atlas","article_publisher":"https:\/\/www.facebook.com\/p\/Max-Atlas-International-Inc-100063529423472\/","article_modified_time":"2024-09-24T18:57:24+00:00","twitter_card":"summary_large_image","schema":{"@context":"https:\/\/schema.org","@graph":[{"@type":"WebPage","@id":"https:\/\/max-atlas.com\/fr\/carrieres\/","url":"https:\/\/max-atlas.com\/fr\/carrieres\/","name":"Carri\u00e8res - Max Atlas","isPartOf":{"@id":"https:\/\/max-atlas.com\/#website"},"datePublished":"2024-07-31T13:10:58+00:00","dateModified":"2024-09-24T18:57:24+00:00","description":"Vous \u00eates \u00e0 la recherche d\u2019une opportunit\u00e9 professionnelle stimulante dans le secteur manufacturier\u00a0? Alors, ne cherchez pas plus loin\u00a0!","breadcrumb":{"@id":"https:\/\/max-atlas.com\/fr\/carrieres\/#breadcrumb"},"inLanguage":"fr-FR","potentialAction":[{"@type":"ReadAction","target":["https:\/\/max-atlas.com\/fr\/carrieres\/"]}]},{"@type":"BreadcrumbList","@id":"https:\/\/max-atlas.com\/fr\/carrieres\/#breadcrumb","itemListElement":[{"@type":"ListItem","position":1,"name":"Home","item":"https:\/\/max-atlas.com\/fr\/"},{"@type":"ListItem","position":2,"name":"Carri\u00e8res"}]},{"@type":"WebSite","@id":"https:\/\/max-atlas.com\/#website","url":"https:\/\/max-atlas.com\/","name":"Max Atlas","description":"The most reliable container chassis","publisher":{"@id":"https:\/\/max-atlas.com\/#organization"},"potentialAction":[{"@type":"SearchAction","target":{"@type":"EntryPoint","urlTemplate":"https:\/\/max-atlas.com\/?s={search_term_string}"},"query-input":{"@type":"PropertyValueSpecification","valueRequired":true,"valueName":"search_term_string"}}],"inLanguage":"fr-FR"},{"@type":"Organization","@id":"https:\/\/max-atlas.com\/#organization","name":"Max Atlas","url":"https:\/\/max-atlas.com\/","logo":{"@type":"ImageObject","inLanguage":"fr-FR","@id":"https:\/\/max-atlas.com\/#\/schema\/logo\/image\/","url":"https:\/\/max-atlas.com\/wp-content\/uploads\/2024\/08\/logo_produit.png","contentUrl":"https:\/\/max-atlas.com\/wp-content\/uploads\/2024\/08\/logo_produit.png","width":239,"height":65,"caption":"Max Atlas"},"image":{"@id":"https:\/\/max-atlas.com\/#\/schema\/logo\/image\/"},"sameAs":["https:\/\/www.facebook.com\/p\/Max-Atlas-International-Inc-100063529423472\/"]}]}},"_links":{"self":[{"href":"https:\/\/max-atlas.com\/fr\/wp-json\/wp\/v2\/pages\/689","targetHints":{"allow":["GET"]}}],"collection":[{"href":"https:\/\/max-atlas.com\/fr\/wp-json\/wp\/v2\/pages"}],"about":[{"href":"https:\/\/max-atlas.com\/fr\/wp-json\/wp\/v2\/types\/page"}],"author":[{"embeddable":true,"href":"https:\/\/max-atlas.com\/fr\/wp-json\/wp\/v2\/users\/1"}],"replies":[{"embeddable":true,"href":"https:\/\/max-atlas.com\/fr\/wp-json\/wp\/v2\/comments?post=689"}],"version-history":[{"count":6,"href":"https:\/\/max-atlas.com\/fr\/wp-json\/wp\/v2\/pages\/689\/revisions"}],"predecessor-version":[{"id":824,"href":"https:\/\/max-atlas.com\/fr\/wp-json\/wp\/v2\/pages\/689\/revisions\/824"}],"wp:attachment":[{"href":"https:\/\/max-atlas.com\/fr\/wp-json\/wp\/v2\/media?parent=689"}],"curies":[{"name":"wp","href":"https:\/\/api.w.org\/{rel}","templated":true}]}}